{"id":1403,"date":"2025-10-30T10:54:26","date_gmt":"2025-10-30T10:54:26","guid":{"rendered":"https:\/\/takafilawfirm.com\/?page_id=1403"},"modified":"2025-10-30T17:24:52","modified_gmt":"2025-10-30T17:24:52","slug":"blog","status":"publish","type":"page","link":"https:\/\/takafilawfirm.com\/ar\/blog\/","title":{"rendered":"\u0627\u0644\u0645\u062f\u0648\u0646\u0629"},"content":{"rendered":"<style>.elementor-1403 .elementor-element.elementor-element-d0f7d26{--display:flex;--padding-top:100px;--padding-bottom:100px;--padding-left:0px;--padding-right:0px;}.elementor-1403 .elementor-element.elementor-element-d0f7d26:not(.elementor-motion-effects-element-type-background), .elementor-1403 .elementor-element.elementor-element-d0f7d26 > .elementor-motion-effects-container > .elementor-motion-effects-layer{background-color:#140A23;}.elementor-1403 .elementor-element.elementor-element-1e9b10e .tpg-el-main-wrapper{--tpg-primary-color:#FFFFFF;--tpg-secondary-color:#EE4036;}.elementor-1403 .elementor-element.elementor-element-1e9b10e .tpg-widget-heading-wrapper .tpg-widget-heading{color:#FFFFFF;}.elementor-1403 .elementor-element.elementor-element-1e9b10e .tpg-el-main-wrapper .entry-title{color:#140A23;}.elementor-1403 .elementor-element.elementor-element-1e9b10e .tpg-el-main-wrapper .tpg-post-holder .entry-title:hover{color:#140A23 !important;}.elementor-1403 .elementor-element.elementor-element-1e9b10e .tpg-el-main-wrapper .tpg-el-image-wrap img{width:inherit;}.elementor-1403 .elementor-element.elementor-element-1e9b10e .tpg-el-main-wrapper .rt-holder .tpg-el-image-wrap img{object-position:inherit;}.elementor-1403 .elementor-element.elementor-element-1e9b10e .tpg-el-main-wrapper .rt-holder:hover .tpg-el-image-wrap img{object-position:inherit;}.elementor-1403 .elementor-element.elementor-element-1e9b10e .rt-tpg-container .tpg-post-holder .rt-detail .read-more a{color:#FFFFFF;background-color:#EE4036;border-style:solid;border-width:1px 1px 1px 1px;border-color:#D4D4D4;}body .elementor-1403 .elementor-element.elementor-element-1e9b10e .rt-tpg-container .tpg-post-holder .rt-detail .read-more a:hover{border-style:solid;border-width:1px 1px 1px 1px;border-color:#7a64f2;}body .elementor-1403 .elementor-element.elementor-element-1e9b10e .tpg-el-main-wrapper .tpg-post-holder{background-color:#FFFFFF;}.elementor-1403 .elementor-element.elementor-element-1e9b10e > .elementor-widget-container{padding:0px 0px 0px 0px;}<\/style>\t\t<div data-elementor-type=\"wp-page\" data-elementor-id=\"1403\" class=\"elementor elementor-1403\">\n\t\t\t\t<div class=\"elementor-element elementor-element-d0f7d26 e-flex e-con-boxed e-con e-parent\" data-id=\"d0f7d26\" data-element_type=\"container\" data-e-type=\"container\" data-settings=\"{&quot;background_background&quot;:&quot;classic&quot;}\">\n\t\t\t\t\t<div class=\"e-con-inner\">\n\t\t\t\t<div class=\"elementor-element elementor-element-1e9b10e section-title-style-style1 title_position_default title_hover_border_default title-default img_hover_animation_default readmore-btn-default-style grid-hover-overlay-type-always tpg-el-box-border-enable tpg-border-bottom-disable elementor-widget elementor-widget-tpg-grid-layout\" data-id=\"1e9b10e\" data-element_type=\"widget\" data-e-type=\"widget\" data-widget_type=\"tpg-grid-layout.default\">\n\t\t\t\t<div class=\"elementor-widget-container\">\n\t\t\t\t\t\t\t<div class=\"rt-container-fluid rt-tpg-container tpg-el-main-wrapper clearfix grid-layout4-main\"\n\t\t\t id=\"rt-tpg-container-3624253459\"\n\t\t\t data-layout=\"grid-layout4\"\n\t\t\t data-grid-style=\"tpg-full-height\"\n\t\t\t data-sc-id=\"elementor\"\n\t\t\t data-el-settings=''\n\t\t\t data-el-query=''\n\t\t\t data-el-path=''\n\t\t>\n\t\t\t\t\t\t<div class='tpg-header-wrapper'>\n\t\t\t\t\n        <div class=\"tpg-widget-heading-wrapper rt-clear heading-style1\">\n            <span class=\"tpg-widget-heading-line line-left\"><\/span>\n\t\t\t<h2 class='tpg-widget-heading'>\n\t\t\t\n\t\t\t\t                    <span>\n\t\t\t\t\t\t\u0627\u0628\u0642 \u0639\u0644\u0649 \u0627\u062a\u0635\u0627\u0644 \u0645\u0639 \u0645\u0643\u062a\u0628 \u062b\u0642\u0627\u0641\u064a \u0644\u0644\u0645\u062d\u0627\u0645\u0627\u0629\t\t\t\t\t<\/span>\n\t\t\t\t\t\n\t\t\t\t\t\t\t<\/h2>            <span class=\"tpg-widget-heading-line line-right\"><\/span>\n\n\t\t\t\n        <\/div>\n\n\t\t\n\t\t\t\t\t<\/div>\n\n\t\t\t<div data-title=\"Loading ...\" class=\"rt-row rt-content-loader grid-layout4 grid-behaviour tpg-full-height grid_layout_wrapper\">\n\t\t\t\t\n<div class=\"rt-col-md-4 rt-col-sm-6 rt-col-xs-12 default rt-grid-item\" data-id=\"1451\">\n\t<div class=\"rt-holder tpg-post-holder\">\n\t\t<div class=\"rt-detail rt-el-content-wrapper\">\n\t\t\t\t\t\t\t<div class=\"rt-img-holder tpg-el-image-wrap has-thumbnail\">\n\t\t\t\t\t<a data-id=\"1451\" href=\"https:\/\/takafilawfirm.com\/ar\/criminal-justice-attorney-au-maroc-avocat-penal-expert-en-defense-penale\/\" class=\"tpg-post-link\" target=\"_self\">                        <img fetchpriority=\"high\" decoding=\"async\" src=\"https:\/\/takafilawfirm.com\/wp-content\/uploads\/2026\/02\/ChatGPT-Image-Feb-24-2026-12_22_00-PM-768x512.png\"\n                             class=\"rt-img-responsive\"\n                             width=\"580\"\n                             height=\"387\"\n                             alt=\"Criminal Justice Attorney au Maroc \u2013 Avocat p\u00e9nal expert en d\u00e9fense p\u00e9nale\">\n\t\t\t\t\t\t\n\t\t\t\t\t\t\t\n\t\t<\/a>\n\t\t        <div class=\"overlay grid-hover-content\"><\/div>\n\t\t\t\t\t\t<\/div>\n\t\t\t\n\t\t\t<div class=\"entry-title-wrapper\"><h3 class=\"entry-title\"><a data-id=\"1451\" href=\"https:\/\/takafilawfirm.com\/ar\/criminal-justice-attorney-au-maroc-avocat-penal-expert-en-defense-penale\/\" class=\"tpg-post-link\" target=\"_self\">Criminal Justice Attorney au Maroc \u2013 Avocat p\u00e9nal expert en d\u00e9fense p\u00e9nale<\/a><\/h3><\/div>\n\t\t\t\n\t\t\t\n\t\t\t        <div class=\"post-footer\">\n            <div class=\"post-footer\">\n                <div class=\"read-more\">\n\t\t\t\t\t<a data-id=\"1451\" href=\"https:\/\/takafilawfirm.com\/ar\/criminal-justice-attorney-au-maroc-avocat-penal-expert-en-defense-penale\/\" class=\"tpg-post-link\" target=\"_self\">\u0627\u0642\u0631\u0623 \u0627\u0644\u0645\u0632\u064a\u062f<\/a>                <\/div>\n            <\/div>\n        <\/div>\n\t\t\t\t<\/div>\n\t<\/div>\n<\/div>\n\n<div class=\"rt-col-md-4 rt-col-sm-6 rt-col-xs-12 default rt-grid-item\" data-id=\"1356\">\n\t<div class=\"rt-holder tpg-post-holder\">\n\t\t<div class=\"rt-detail rt-el-content-wrapper\">\n\t\t\t\t\t\t\t<div class=\"rt-img-holder tpg-el-image-wrap has-thumbnail\">\n\t\t\t\t\t<a data-id=\"1356\" href=\"https:\/\/takafilawfirm.com\/ar\/maitre-takafi-chourouk-avocate-au-barreau-de-casablanca-doctorante-en-droit-des-affaires\/\" class=\"tpg-post-link\" target=\"_self\">                        <img decoding=\"async\" src=\"https:\/\/takafilawfirm.com\/wp-content\/uploads\/2025\/10\/WhatsApp-Image-2025-10-29-at-17.30.24_ece6ec34.jpg\"\n                             class=\"rt-img-responsive\"\n                             width=\"580\"\n                             height=\"931\"\n                             alt=\"Ma\u00eetre Takafi Chourouk Avocate au Barreau de Casablanca \u2014 Doctorante en droit des affaires\">\n\t\t\t\t\t\t\n\t\t\t\t\t\t\t\n\t\t<\/a>\n\t\t        <div class=\"overlay grid-hover-content\"><\/div>\n\t\t\t\t\t\t<\/div>\n\t\t\t\n\t\t\t<div class=\"entry-title-wrapper\"><h3 class=\"entry-title\"><a data-id=\"1356\" href=\"https:\/\/takafilawfirm.com\/ar\/maitre-takafi-chourouk-avocate-au-barreau-de-casablanca-doctorante-en-droit-des-affaires\/\" class=\"tpg-post-link\" target=\"_self\">\u0627\u0644\u0623\u0633\u062a\u0627\u0630\u0629  \u062b\u0642\u0627\u0641\u064a \u0634\u0631\u0648\u0642 \u0645\u062d\u0627\u0645\u064a\u0629 \u0641\u064a \u0646\u0642\u0627\u0628\u0629 \u0627\u0644\u0645\u062d\u0627\u0645\u064a\u0646 \u0641\u064a \u0627\u0644\u062f\u0627\u0631 \u0627\u0644\u0628\u064a\u0636\u0627\u0621 \u2014 \u0637\u0627\u0644\u0628\u0629 \u062f\u0643\u062a\u0648\u0631\u0627\u0647 \u0641\u064a \u0627\u0644\u0642\u0627\u0646\u0648\u0646 \u0627\u0644\u062a\u062c\u0627\u0631\u064a<\/a><\/h3><\/div>\n\t\t\t\n\t\t\t\n\t\t\t        <div class=\"post-footer\">\n            <div class=\"post-footer\">\n                <div class=\"read-more\">\n\t\t\t\t\t<a data-id=\"1356\" href=\"https:\/\/takafilawfirm.com\/ar\/maitre-takafi-chourouk-avocate-au-barreau-de-casablanca-doctorante-en-droit-des-affaires\/\" class=\"tpg-post-link\" target=\"_self\">\u0627\u0642\u0631\u0623 \u0627\u0644\u0645\u0632\u064a\u062f<\/a>                <\/div>\n            <\/div>\n        <\/div>\n\t\t\t\t<\/div>\n\t<\/div>\n<\/div>\n\t\t\t<\/div>\n\t\t\t\n\t\t<\/div>\n\t\t\t\t\t\t<\/div>\n\t\t\t\t<\/div>\n\t\t\t\t\t<\/div>\n\t\t\t\t<\/div>\n\t\t\t\t<\/div>\n\t\t\n    <div class=\"xs_social_share_widget xs_share_url after_content \t\tmain_content  wslu-style-1 wslu-share-box-shaped wslu-fill-colored wslu-none wslu-share-horizontal wslu-theme-font-no wslu-main_content\">\n\n\t\t\n        <ul>\n\t\t\t        <\/ul>\n    <\/div>","protected":false},"excerpt":{"rendered":"<p>Restez connect\u00e9 avec TAKAFI LAW FIRM Ma\u00eetre Takafi Chourouk Avocate au Barreau de Casablanca \u2014 Doctorante en droit des affaires En savoir plus<\/p>","protected":false},"author":1,"featured_media":0,"parent":0,"menu_order":0,"comment_status":"closed","ping_status":"closed","template":"elementor_header_footer","meta":{"postBodyCss":"","postBodyMargin":[],"postBodyPadding":[],"postBodyBackground":{"backgroundType":"classic","gradient":""},"footnotes":""},"class_list":["post-1403","page","type-page","status-publish","hentry"],"rttpg_featured_image_url":null,"rttpg_author":{"display_name":"Takafilawfirm","author_link":"https:\/\/takafilawfirm.com\/ar\/author\/takafilawfirm\/"},"rttpg_comment":0,"rttpg_category":"","rttpg_excerpt":"Restez connect\u00e9 avec TAKAFI LAW FIRM Ma\u00eetre Takafi Chourouk Avocate au Barreau de Casablanca \u2014 Doctorante en droit des affaires En savoir plus","_links":{"self":[{"href":"https:\/\/takafilawfirm.com\/ar\/wp-json\/wp\/v2\/pages\/1403","targetHints":{"allow":["GET"]}}],"collection":[{"href":"https:\/\/takafilawfirm.com\/ar\/wp-json\/wp\/v2\/pages"}],"about":[{"href":"https:\/\/takafilawfirm.com\/ar\/wp-json\/wp\/v2\/types\/page"}],"author":[{"embeddable":true,"href":"https:\/\/takafilawfirm.com\/ar\/wp-json\/wp\/v2\/users\/1"}],"replies":[{"embeddable":true,"href":"https:\/\/takafilawfirm.com\/ar\/wp-json\/wp\/v2\/comments?post=1403"}],"version-history":[{"count":12,"href":"https:\/\/takafilawfirm.com\/ar\/wp-json\/wp\/v2\/pages\/1403\/revisions"}],"predecessor-version":[{"id":1442,"href":"https:\/\/takafilawfirm.com\/ar\/wp-json\/wp\/v2\/pages\/1403\/revisions\/1442"}],"wp:attachment":[{"href":"https:\/\/takafilawfirm.com\/ar\/wp-json\/wp\/v2\/media?parent=1403"}],"curies":[{"name":"wp","href":"https:\/\/api.w.org\/{rel}","templated":true}]}}